{"id":209,"date":"2021-12-29T09:10:02","date_gmt":"2021-12-29T09:10:02","guid":{"rendered":"https:\/\/zahls.siebenberge.com\/?page_id=209"},"modified":"2021-12-30T15:13:43","modified_gmt":"2021-12-30T15:13:43","slug":"intimite","status":"publish","type":"page","link":"https:\/\/www.zahls.ch\/fr\/datenschutz\/","title":{"rendered":"intimit\u00e9"},"content":{"rendered":"<p>Prot\u00e9gez votre vie priv\u00e9e est important pour nous. Veuillez noter les points suivants de la d\u00e9claration de protection des donn\u00e9es. La d\u00e9claration s&#039;applique \u00e0 tous nos sites Web.<\/p>\n\n\n\n<h3 class=\"wp-block-heading\">Utilisation des informations<\/h3>\n\n\n\n<p>En principe, vous pouvez visiter le site Web sans fournir aucune information personnelle. Seules les donn\u00e9es d&#039;utilisation impersonnelles telles que votre adresse IP, la derni\u00e8re page visit\u00e9e, le navigateur utilis\u00e9, la date, l&#039;heure, etc. sont \u00e9valu\u00e9es de mani\u00e8re anonyme dans le but d&#039;identifier les tendances et d&#039;am\u00e9liorer l&#039;offre. Aucune conclusion sur votre personne n&#039;en est tir\u00e9e.<\/p>\n\n\n\n<p>Dans le but d&#039;\u00e9tablir un contact, il vous sera demand\u00e9 dans certains domaines de fournir volontairement des donn\u00e9es (par exemple, pr\u00e9nom, nom, adresse, num\u00e9ro de t\u00e9l\u00e9phone, adresse e-mail, informations et services d&#039;int\u00e9r\u00eat, etc.). Pour les commandes ou les inscriptions, il est indispensable de fournir vos donn\u00e9es.<\/p>\n\n\n\n<h3 class=\"wp-block-heading\">Aucune divulgation d&#039;informations<\/h3>\n\n\n\n<p>Vos donn\u00e9es personnelles ne seront ni vendues ni partag\u00e9es avec des tiers ext\u00e9rieurs \u00e0 notre organisation. Exceptions\u00a0: les prestataires de services externes qui traitent votre demande ou votre commande en notre nom et traitent les donn\u00e9es qui sont absolument n\u00e9cessaires \u00e0 cette fin. Il est garanti que tous les organismes destinataires de donn\u00e9es respectent les exigences en mati\u00e8re de protection et de s\u00e9curit\u00e9 des donn\u00e9es.<\/p>\n\n\n\n<h3 class=\"wp-block-heading\">biscuits<\/h3>\n\n\n\n<p>Dans certains cas, des soi-disant cookies sont utilis\u00e9s. Vous pouvez configurer votre navigateur de mani\u00e8re \u00e0 emp\u00eacher le stockage de cookies. Cependant, certains services peuvent ne pas \u00eatre disponibles dans ce cas.<\/p>\n\n\n\n<h3 class=\"wp-block-heading\">Modifications de cette politique de confidentialit\u00e9<\/h3>\n\n\n\n<p>Veuillez noter que nous pouvons modifier, compl\u00e9ter, \u00e9tendre ou autrement mettre \u00e0 jour cette politique de confidentialit\u00e9 de temps \u00e0 autre pour refl\u00e9ter les modifications apport\u00e9es aux services et les modifications de la loi. Veuillez consulter r\u00e9guli\u00e8rement cette d\u00e9claration.<\/p>\n\n\n\n<h3 class=\"wp-block-heading\">Stockage et sauvegarde de vos donn\u00e9es<\/h3>\n\n\n\n<p>Nous prenons des pr\u00e9cautions raisonnables et utilisons des technologies de s\u00e9curit\u00e9 appropri\u00e9es pour prot\u00e9ger vos informations. Elles ne sont conserv\u00e9es que le temps n\u00e9cessaire au regard de la finalit\u00e9.<\/p>\n\n\n\n<h3 class=\"wp-block-heading\">base l\u00e9gale<\/h3>\n\n\n\n<p>La loi f\u00e9d\u00e9rale sur la protection des donn\u00e9es (DSG) constitue la base de cette d\u00e9claration de protection des donn\u00e9es.<\/p>","protected":false},"excerpt":{"rendered":"<p>Der Schutz Ihrer Privatsph\u00e4re ist uns ein wichtiges Anliegen. Bitte beachten Sie die folgenden Punkte der Datenschutzerkl\u00e4rung. Die Erkl\u00e4rung gilt f\u00fcr alle unsere Webseiten. Verwendung von Informationen Grunds\u00e4tzlich k\u00f6nnen Sie die Webseiten besuchen, ohne Angaben zu Ihrer Person zu machen. Einzig unpers\u00f6nliche Nutzungsdaten wie Ihre IP-Adresse, die zuletzt besuchte Seite, der verwendete Browser, Datum, Uhrzeit [&hellip;]<\/p>\n","protected":false},"author":1,"featured_media":0,"parent":0,"menu_order":0,"comment_status":"closed","ping_status":"closed","template":"","meta":{"footnotes":""},"class_list":["post-209","page","type-page","status-publish","hentry"],"_links":{"self":[{"href":"https:\/\/www.zahls.ch\/fr\/wp-json\/wp\/v2\/pages\/209","targetHints":{"allow":["GET"]}}],"collection":[{"href":"https:\/\/www.zahls.ch\/fr\/wp-json\/wp\/v2\/pages"}],"about":[{"href":"https:\/\/www.zahls.ch\/fr\/wp-json\/wp\/v2\/types\/page"}],"author":[{"embeddable":true,"href":"https:\/\/www.zahls.ch\/fr\/wp-json\/wp\/v2\/users\/1"}],"replies":[{"embeddable":true,"href":"https:\/\/www.zahls.ch\/fr\/wp-json\/wp\/v2\/comments?post=209"}],"version-history":[{"count":0,"href":"https:\/\/www.zahls.ch\/fr\/wp-json\/wp\/v2\/pages\/209\/revisions"}],"wp:attachment":[{"href":"https:\/\/www.zahls.ch\/fr\/wp-json\/wp\/v2\/media?parent=209"}],"curies":[{"name":"wp","href":"https:\/\/api.w.org\/{rel}","templated":true}]}}