{"id":209,"date":"2021-12-29T09:10:02","date_gmt":"2021-12-29T09:10:02","guid":{"rendered":"https:\/\/zahls.siebenberge.com\/?page_id=209"},"modified":"2021-12-30T15:13:43","modified_gmt":"2021-12-30T15:13:43","slug":"privacy","status":"publish","type":"page","link":"https:\/\/www.zahls.ch\/en\/datenschutz\/","title":{"rendered":"privacy"},"content":{"rendered":"<p>Protecting your privacy is important to us. Please note the following points of the data protection declaration. The declaration applies to all our websites.<\/p>\n\n\n\n<h3 class=\"wp-block-heading\">Use of Information<\/h3>\n\n\n\n<p>In principle, you can visit the website without providing any personal information. Only impersonal usage data such as your IP address, the last page visited, the browser used, date, time, etc. are evaluated anonymously for the purpose of identifying trends and improving the offer. No conclusions about your person are drawn from this.<\/p>\n\n\n\n<p>For the purpose of establishing contact, you will be asked in certain areas to voluntarily provide data (e.g. first name, last name, address, telephone number, e-mail address, information and services of interest, etc.). For orders or registrations, it is essential to provide your data.<\/p>\n\n\n\n<h3 class=\"wp-block-heading\">No disclosure of information<\/h3>\n\n\n\n<p>Your personal data will not be sold or shared with third parties outside our organization. Exceptions: external service providers who process your inquiry or order on behalf of us and process the data that is absolutely necessary for this. It is guaranteed that all data-receiving bodies comply with the requirements of data protection and data security.<\/p>\n\n\n\n<h3 class=\"wp-block-heading\">cookies<\/h3>\n\n\n\n<p>In certain cases, so-called cookies are used. You can set your browser so that the storage of cookies is prevented. However, certain services may not be available in this case.<\/p>\n\n\n\n<h3 class=\"wp-block-heading\">Changes to this Privacy Policy<\/h3>\n\n\n\n<p>Please note that we may modify, supplement, expand or otherwise update this Privacy Policy from time to time to reflect changes to the Services and changes in the law. Please consult this statement regularly.<\/p>\n\n\n\n<h3 class=\"wp-block-heading\">Storage and backup of your data<\/h3>\n\n\n\n<p>We take reasonable precautions and use appropriate security technologies to protect your information. They are only kept for as long as is necessary in relation to the purpose.<\/p>\n\n\n\n<h3 class=\"wp-block-heading\">legal basis<\/h3>\n\n\n\n<p>The Swiss Federal Data Protection Act (DSG) forms the basis of this data protection declaration.<\/p>","protected":false},"excerpt":{"rendered":"<p>Der Schutz Ihrer Privatsph\u00e4re ist uns ein wichtiges Anliegen. Bitte beachten Sie die folgenden Punkte der Datenschutzerkl\u00e4rung. Die Erkl\u00e4rung gilt f\u00fcr alle unsere Webseiten. Verwendung von Informationen Grunds\u00e4tzlich k\u00f6nnen Sie die Webseiten besuchen, ohne Angaben zu Ihrer Person zu machen. Einzig unpers\u00f6nliche Nutzungsdaten wie Ihre IP-Adresse, die zuletzt besuchte Seite, der verwendete Browser, Datum, Uhrzeit [&hellip;]<\/p>\n","protected":false},"author":1,"featured_media":0,"parent":0,"menu_order":0,"comment_status":"closed","ping_status":"closed","template":"","meta":{"footnotes":""},"class_list":["post-209","page","type-page","status-publish","hentry"],"_links":{"self":[{"href":"https:\/\/www.zahls.ch\/en\/wp-json\/wp\/v2\/pages\/209","targetHints":{"allow":["GET"]}}],"collection":[{"href":"https:\/\/www.zahls.ch\/en\/wp-json\/wp\/v2\/pages"}],"about":[{"href":"https:\/\/www.zahls.ch\/en\/wp-json\/wp\/v2\/types\/page"}],"author":[{"embeddable":true,"href":"https:\/\/www.zahls.ch\/en\/wp-json\/wp\/v2\/users\/1"}],"replies":[{"embeddable":true,"href":"https:\/\/www.zahls.ch\/en\/wp-json\/wp\/v2\/comments?post=209"}],"version-history":[{"count":0,"href":"https:\/\/www.zahls.ch\/en\/wp-json\/wp\/v2\/pages\/209\/revisions"}],"wp:attachment":[{"href":"https:\/\/www.zahls.ch\/en\/wp-json\/wp\/v2\/media?parent=209"}],"curies":[{"name":"wp","href":"https:\/\/api.w.org\/{rel}","templated":true}]}}